{"id":119,"date":"2018-06-08T11:23:43","date_gmt":"2018-06-08T09:23:43","guid":{"rendered":"https:\/\/www.cepv.ch\/inscription\/?page_id=119"},"modified":"2025-06-10T16:26:06","modified_gmt":"2025-06-10T14:26:06","slug":"depot-de-candidature","status":"publish","type":"page","link":"https:\/\/www-dev.cepv.ch\/inscription\/","title":{"rendered":"D\u00e9p\u00f4t de candidature"},"content":{"rendered":"<div class=\"the-content\"><p>Bienvenue dans la section du site d\u00e9di\u00e9e aux inscriptions.<\/p>\n<h3>Proc\u00e9dure de candidature<\/h3>\n<p>Vous trouverez toutes les informations concernant les proc\u00e9dures en cliquant sur les liens ci-dessous:<\/p>\n<ul>\n<li><a href=\"https:\/\/www-dev.cepv.ch\/inscription\/depot-de-candidature\/formations-initiales-a-plein-temps\/\" rel=\"\">Formations initiales (FAA-FPA) \u00e0 plein temps avec Maturit\u00e9 Professionnelle int\u00e9gr\u00e9e * ou sans MP int\u00e9gr\u00e9e<\/a><\/li>\n<li><a href=\"https:\/\/www-dev.cepv.ch\/inscription\/depot-de-candidature\/preapprentissage-artistique\/\" rel=\"\">Pr\u00e9apprentissage artistique *<\/a><\/li>\n<li><a href=\"https:\/\/www-dev.cepv.ch\/inscription\/depot-de-candidature\/formations-superieures\/\" rel=\"\">Formations sup\u00e9rieures *<\/a><\/li>\n<li><a href=\"https:\/\/www.vd.ch\/themes\/formation\/formation-professionnelle\/la-matupro-post-cfc\/\" rel=\"\">Maturit\u00e9 professionnelle post-CFC *<\/a><\/li>\n<\/ul>\n<p>&nbsp;<\/p>\n<p><a href=\"https:\/\/www-dev.cepv.ch\/inscription\/wp-content\/uploads\/sites\/3\/2024\/01\/epenex-1.pdf\">* Formations en 2024-2026<\/a><\/p>\n<h3><span id=\"chapter-formulaires-d-inscription-pour-l-ann-e-2017-2018-disponibles-d-s-le-3-janvier-2017-\">Calendrier des inscriptions<\/span><\/h3>\n<p>Ouverture des inscriptions d\u00e8s le 16 novembre 2024.<\/p>\n<table style=\"height: 460px\" width=\"1074\">\n<tbody>\n<tr>\n<td><\/td>\n<td><strong>Pr\u00e9apprentissage CPA<br \/>\n<\/strong><span style=\"color: #ff0000\"><strong>(seulement pour domicili\u00e9 sur Vaud)<\/strong><\/span><\/td>\n<td><strong>Formations initiales<br \/>\nFAA &#8211; FPA<\/strong><\/td>\n<td><strong>Formations sup\u00e9rieures<br \/>\nFS<\/strong><\/td>\n<\/tr>\n<tr>\n<td><strong>D\u00e9lai du d\u00e9p\u00f4t des candidatures<\/strong><\/td>\n<td>Les admissions sont closes<\/td>\n<td>Les admissions sont closes<\/td>\n<td>Les admissions sont closes<\/td>\n<\/tr>\n<tr>\n<td><strong>Publication des consignes du dossier personnel<\/strong><\/td>\n<td>Les admissions sont closes<\/td>\n<td>Les admissions sont closes<\/td>\n<td>Les admissions sont closes<\/td>\n<\/tr>\n<tr>\n<td><strong>Envoi des convocations par mail<\/strong><\/td>\n<td>Les admissions sont closes<\/td>\n<td>Les admissions sont closes<\/td>\n<td>Les admissions sont closes<\/td>\n<\/tr>\n<tr>\n<td><strong>Examens de culture artistique (\u00e9crit, dur\u00e9e 1h30)<\/strong><\/td>\n<td>Les admissions sont closes<\/td>\n<td>Les admissions sont closes<\/td>\n<td>Les admissions sont closes<\/td>\n<\/tr>\n<tr>\n<td><strong>Entretien (dossier impos\u00e9 \/ dossier libre)<\/strong><\/td>\n<td>Les admissions sont closes<\/td>\n<td>Les admissions sont closes<\/td>\n<td>Les admissions sont closes<\/td>\n<\/tr>\n<tr>\n<td><strong>R\u00e9ception des r\u00e9sultats, par courrier postal<\/strong><\/td>\n<td>Les admissions sont closes<\/td>\n<td>Les admissions sont closes<\/td>\n<td>D\u00e8s le 13.06.2025<\/td>\n<\/tr>\n<tr>\n<td><strong>Rentr\u00e9e scolaire<\/strong><\/td>\n<td>18.08.2025<\/td>\n<td>18.08.2025<\/td>\n<td>18.08.2025<\/td>\n<\/tr>\n<\/tbody>\n<\/table>\n<\/div>","protected":false},"excerpt":{"rendered":"<p>Bienvenue dans la section du site d\u00e9di\u00e9e aux inscriptions. Proc\u00e9dure de candidature Vous trouverez toutes les informations concernant les proc\u00e9dures en cliquant sur les liens ci-dessous: Formations initiales (FAA-FPA) \u00e0 plein temps avec Maturit\u00e9 Professionnelle int\u00e9gr\u00e9e * ou sans MP int\u00e9gr\u00e9e Pr\u00e9apprentissage artistique * Formations sup\u00e9rieures * Maturit\u00e9 professionnelle post-CFC * &nbsp; * Formations en [&hellip;]<\/p>\n","protected":false},"author":1,"featured_media":0,"parent":0,"menu_order":0,"comment_status":"closed","ping_status":"closed","template":"","meta":{"footnotes":""},"class_list":["post-119","page","type-page","status-publish","hentry"],"_links":{"self":[{"href":"https:\/\/www-dev.cepv.ch\/inscription\/wp-json\/wp\/v2\/pages\/119","targetHints":{"allow":["GET"]}}],"collection":[{"href":"https:\/\/www-dev.cepv.ch\/inscription\/wp-json\/wp\/v2\/pages"}],"about":[{"href":"https:\/\/www-dev.cepv.ch\/inscription\/wp-json\/wp\/v2\/types\/page"}],"author":[{"embeddable":true,"href":"https:\/\/www-dev.cepv.ch\/inscription\/wp-json\/wp\/v2\/users\/1"}],"replies":[{"embeddable":true,"href":"https:\/\/www-dev.cepv.ch\/inscription\/wp-json\/wp\/v2\/comments?post=119"}],"version-history":[{"count":0,"href":"https:\/\/www-dev.cepv.ch\/inscription\/wp-json\/wp\/v2\/pages\/119\/revisions"}],"wp:attachment":[{"href":"https:\/\/www-dev.cepv.ch\/inscription\/wp-json\/wp\/v2\/media?parent=119"}],"curies":[{"name":"wp","href":"https:\/\/api.w.org\/{rel}","templated":true}]}}