{"id":63,"date":"2018-03-28T10:38:42","date_gmt":"2018-03-28T08:38:42","guid":{"rendered":"https:\/\/www.cepv.ch\/inscription\/?page_id=63"},"modified":"2018-06-15T09:24:59","modified_gmt":"2018-06-15T07:24:59","slug":"conditions-generales","status":"publish","type":"page","link":"https:\/\/www-dev.cepv.ch\/inscription\/conditions-generales\/","title":{"rendered":"Conditions g\u00e9n\u00e9rales"},"content":{"rendered":"<div class=\"the-content\"><h2>G\u00e9n\u00e9ralit\u00e9s<\/h2>\n<h4>Conditions d\u2019admission<\/h4>\n<ul>\n<li>L\u2019admission dans les diff\u00e9rentes sections de l\u2019Ecole se fait sur la base de tests d\u2019aptitude et\/ou d\u2019entretiens;<\/li>\n<li>Le dossier administratif complet et la taxe d&#8217;inscription doivent \u00eatre en main du secr\u00e9tariat avant la date butoir de d\u00e9p\u00f4t des candidatures dans la section choisie (voir cas particuliers ci-dessous);<\/li>\n<li>Pour le pr\u00e9apprentissage et les formations initiales, les dates des tests d&#8217;aptitude et des entretiens ne peuvent faire l&#8217;objet d&#8217;aucun am\u00e9nagement pour raisons personnelles.<\/li>\n<li>Mis \u00e0 part le dossier personnel, les travaux ex\u00e9cut\u00e9s durant les tests d\u2019aptitude ou pr\u00e9sent\u00e9s \u00e0 la demande du jury ne sont pas rendus aux candidats;<\/li>\n<li>L&#8217;inscription d\u00e9finitive sur les listes de classe ne se fait qu\u2019apr\u00e8s r\u00e9ception des derniers documents et \u00e9moluments exig\u00e9s;<\/li>\n<\/ul>\n<h4>Cas particuliers<\/h4>\n<p>Pour toutes les fili\u00e8res (<abbr title=\"Certificat f\u00e9d\u00e9ral de capacit\u00e9\">CFC<\/abbr> et <abbr title=\"Ecoles Sup\u00e9rieures\">ES<\/abbr>), les cas particuliers sont trait\u00e9s par l\u2019autorit\u00e9 cantonale, sur pr\u00e9avis de la direction. Les candidats doivent alors avoir effectu\u00e9 la proc\u00e9dure compl\u00e8te d\u2019inscription et avoir soumis \u00e0 la direction une demande \u00e9crite comportant un dossier explicatif document\u00e9 (titres et autres \u00e9l\u00e9ments n\u00e9cessaires \u00e0 l\u2019\u00e9valuation) au moins 10 jours ouvrables avant le d\u00e9lai usuel pour qu\u2019elle soit prise en compte.<\/p>\n<h4>Logement<\/h4>\n<p>L\u2019Ecole ne poss\u00e8de pas d\u2019internat. Les \u00e9l\u00e8ves et les \u00e9tudiant-e-s se chargent eux-m\u00eames de leur logement.<\/p>\n<h4>Candidats \u00e9trangers hors EU<\/h4>\n<p>Le site internet du <a href=\"http:\/\/www.vd.ch\/fr\/themes\/vie-privee\/population-etrangere\/entree-et-sejour\/\" target=\"_blank\" rel=\"noopener\">Service de la population de l&#8217;Etat de Vaud<\/a> vos informe sur la proc\u00e9dure \u00e0 suivre pour obtenir une autorisation de s\u00e9jour temporaire pour \u00e9tudes.<\/p>\n<h2>Formation professionnelle initiale<\/h2>\n<h3>Conditions d&#8217;admissibilit\u00e9<\/h3>\n<h4>C\u00e9ramique | Photographie | Polydesign 3D<\/h4>\n<p>Avoir achev\u00e9 une formation scolaire obligatoire avec succ\u00e8s.<br \/>\nLa formation professionnelle acc\u00e9l\u00e9r\u00e9e (FPA) permet d\u2019obtenir un <abbr title=\"Certificat f\u00e9d\u00e9ral de capacit\u00e9\">CFC<\/abbr> en deux ans. Elle est destin\u00e9e aux candidats d\u00e9tenteurs d&#8217;une maturit\u00e9 gymnasiale ou d&#8217;un certificat d&#8217;une \u00e9cole de culture g\u00e9n\u00e9rale et de commerce. Le D\u00e9partement statue sur les cas particuliers, apr\u00e8s avoir recueilli le pr\u00e9avis du directeur de l&#8217;\u00e9cole.<\/p>\n<h4>Maturit\u00e9 professionnelle int\u00e9gr\u00e9e au CFC en 4 ans<\/h4>\n<p>Voir les conditions d&#8217;admission en maturit\u00e9 professionnelle int\u00e9gr\u00e9e sur <a href=\"https:\/\/www.vd.ch\/themes\/formation\/formation-professionnelle\/maturite-professionnelle\/\" target=\"_blank\" rel=\"noopener\">le site internet de l&#8217;Etat de Vaud<\/a>.<\/p>\n<h3>Ecolage annuel<\/h3>\n<ul>\n<li>R\u00e9sidents du canton de Vaud ou au b\u00e9n\u00e9fice d\u2019une autorisation du canton de domicile: <strong>pas d&#8217;\u00e9colage.<\/strong><\/li>\n<li>Etrangers (y compris frontaliers): <strong>CHF 14&#8217;500.-<\/strong><\/li>\n<\/ul>\n<h3>Titres obtenus<\/h3>\n<ul>\n<li><strong>CFC<\/strong> Certificat f\u00e9d\u00e9ral de capacit\u00e9<\/li>\n<li><strong>MP-ARTS<\/strong> Maturit\u00e9 professionnelle arts visuels et arts appliqu\u00e9s<\/li>\n<li><strong>Dipl\u00f4me de l&#8217;Ecole d&#8217;arts appliqu\u00e9s<\/strong> (sous certaines conditions)<\/li>\n<\/ul>\n<h2>Formation professionnelle sup\u00e9rieure<\/h2>\n<h3>C\u00e9ramique | Photographie | Visual Merchandising Design<\/h3>\n<h4>Conditions d&#8217;admissibilit\u00e9<\/h4>\n<p>C\u00e9ramique: CFC de c\u00e9ramiste, potier, modeleur-c\u00e9ramiste, mouleur de catelles, peintre sur c\u00e9ramique, peintre verrier.<br \/>\nPhotographie: CFC de photographe, sp\u00e9cialiste en photographie, graphiste.<br \/>\nVisual Merchandising Design: CFC de d\u00e9corateur, d\u00e9corateur d\u2019int\u00e9rieurs, graphiste, r\u00e9alisateur publicitaire, employ\u00e9 de commerce.<br \/>\nLes cas particuliers (autres titres) sont soumis \u00e0 une proc\u00e9dure particuli\u00e8re (voir ci-contre).<\/p>\n<h4>Ecolage annuel pour <u>2018-2019<\/u><\/h4>\n<ul>\n<li>R\u00e9sidents sur le territoire helv\u00e9tique: <strong>CHF 720.\u2013<\/strong><\/li>\n<li>Etrangers (y compris frontaliers):\n<ul>\n<li>Formation sup\u00e9rieure en Visual Merchandising Design: <strong>CHF 9&#8217;720.-<\/strong><\/li>\n<li>Formation sup\u00e9rieure en Photographie: <strong>CHF 9&#8217;720.-<\/strong><\/li>\n<li>Formation sup\u00e9rieure en C\u00e9ramique: <strong>CHF 7&#8217;720.-<\/strong><\/li>\n<\/ul>\n<\/li>\n<\/ul>\n<h4>Titres obtenus<\/h4>\n<ul>\n<li><strong>Dipl\u00f4me ES<\/strong><\/li>\n<\/ul>\n<\/div>","protected":false},"excerpt":{"rendered":"<p>G\u00e9n\u00e9ralit\u00e9s Conditions d\u2019admission L\u2019admission dans les diff\u00e9rentes sections de l\u2019Ecole se fait sur la base de tests d\u2019aptitude et\/ou d\u2019entretiens; Le dossier administratif complet et la taxe d&#8217;inscription doivent \u00eatre en main du secr\u00e9tariat avant la date butoir de d\u00e9p\u00f4t des candidatures dans la section choisie (voir cas particuliers ci-dessous); Pour le pr\u00e9apprentissage et les [&hellip;]<\/p>\n","protected":false},"author":2297,"featured_media":0,"parent":0,"menu_order":0,"comment_status":"closed","ping_status":"closed","template":"","meta":{"footnotes":""},"class_list":["post-63","page","type-page","status-publish","hentry"],"_links":{"self":[{"href":"https:\/\/www-dev.cepv.ch\/inscription\/wp-json\/wp\/v2\/pages\/63","targetHints":{"allow":["GET"]}}],"collection":[{"href":"https:\/\/www-dev.cepv.ch\/inscription\/wp-json\/wp\/v2\/pages"}],"about":[{"href":"https:\/\/www-dev.cepv.ch\/inscription\/wp-json\/wp\/v2\/types\/page"}],"author":[{"embeddable":true,"href":"https:\/\/www-dev.cepv.ch\/inscription\/wp-json\/wp\/v2\/users\/2297"}],"replies":[{"embeddable":true,"href":"https:\/\/www-dev.cepv.ch\/inscription\/wp-json\/wp\/v2\/comments?post=63"}],"version-history":[{"count":0,"href":"https:\/\/www-dev.cepv.ch\/inscription\/wp-json\/wp\/v2\/pages\/63\/revisions"}],"wp:attachment":[{"href":"https:\/\/www-dev.cepv.ch\/inscription\/wp-json\/wp\/v2\/media?parent=63"}],"curies":[{"name":"wp","href":"https:\/\/api.w.org\/{rel}","templated":true}]}}