{"id":185,"date":"2023-09-06T09:42:50","date_gmt":"2023-09-06T07:42:50","guid":{"rendered":"https:\/\/www.cepv.ch\/portes-ouvertes\/?page_id=185"},"modified":"2024-11-01T08:42:04","modified_gmt":"2024-11-01T07:42:04","slug":"archive","status":"publish","type":"page","link":"https:\/\/www-dev.cepv.ch\/portes-ouvertes\/archive\/","title":{"rendered":"Archive"},"content":{"rendered":"<p>Archive des Journ\u00e9es portes ouvertes du CEPV.<\/p>\n<p>La version digitale des journ\u00e9es portes ouvertes existe depuis 2020, cr\u00e9\u00e9e par les \u00e9tudiant.e.s en <a href=\"https:\/\/www-dev.cepv.ch\/fsdca\" rel=\"noopener\" target=\"_blank\">Design &#038; Commercial Art (FSDCA)<\/a>.<\/p>\n<p><a href=\"https:\/\/www-dev.cepv.ch\/portes-ouvertes\/portes-passees\/sam-02-dec-2023\/\" style=\"text-decoration: none;\" class=\"cta-po\" alt=\"Portes ouvertes 2023\" title=\"Les portes ouvertes du CEPV, \u00e9dition 2023\"><span class=\"a-gauche\">Samedi 02 d\u00e9cembre 2023<\/span><span class=\"a-droite\"><i class=\"bi bi-arrow-right-circle\" ><\/i><\/span><br \/>\n<\/a><\/p>\n<p><a href=\"https:\/\/www-dev.cepv.ch\/portes-ouvertes\/portes-passees\/sam-26-nov-2022\/\" style=\"text-decoration: none;\" class=\"cta-po\" alt=\"Portes ouvertes 2022\" title=\"Les portes ouvertes du CEPV, \u00e9dition 2022\"><span class=\"a-gauche\">Samedi 26 novembre 2022<\/span><span class=\"a-droite\"><i class=\"bi bi-arrow-right-circle\" ><\/i><\/span><br \/>\n<\/a><\/p>\n<p><a href=\"https:\/\/www-dev.cepv.ch\/portes-ouvertes-2020\/\" style=\"text-decoration: none;\" class=\"cta-po\" alt=\"Portes ouvertes 2020\" title=\"Les portes ouvertes du CEPV, \u00e9dition 2020\"><span class=\"a-gauche\">\u00c9dition 2020 (Annul\u00e9e, pand\u00e9mie)<\/span><span class=\"a-droite\"><i class=\"bi bi-arrow-right-circle\" ><\/i><\/span><br \/>\n<\/a><\/p>\n","protected":false},"excerpt":{"rendered":"<p>Archive des Journ\u00e9es portes ouvertes du CEPV. La version digitale des journ\u00e9es portes ouvertes existe depuis 2020, cr\u00e9\u00e9e par les \u00e9tudiant.e.s en Design &#038; Commercial Art (FSDCA). Samedi 02 d\u00e9cembre 2023 Samedi 26 novembre 2022 \u00c9dition 2020 (Annul\u00e9e, pand\u00e9mie)<\/p>\n","protected":false},"author":3053,"featured_media":0,"parent":0,"menu_order":0,"comment_status":"closed","ping_status":"closed","template":"","meta":{"footnotes":""},"class_list":["post-185","page","type-page","status-publish","hentry"],"_links":{"self":[{"href":"https:\/\/www-dev.cepv.ch\/portes-ouvertes\/wp-json\/wp\/v2\/pages\/185","targetHints":{"allow":["GET"]}}],"collection":[{"href":"https:\/\/www-dev.cepv.ch\/portes-ouvertes\/wp-json\/wp\/v2\/pages"}],"about":[{"href":"https:\/\/www-dev.cepv.ch\/portes-ouvertes\/wp-json\/wp\/v2\/types\/page"}],"author":[{"embeddable":true,"href":"https:\/\/www-dev.cepv.ch\/portes-ouvertes\/wp-json\/wp\/v2\/users\/3053"}],"replies":[{"embeddable":true,"href":"https:\/\/www-dev.cepv.ch\/portes-ouvertes\/wp-json\/wp\/v2\/comments?post=185"}],"version-history":[{"count":8,"href":"https:\/\/www-dev.cepv.ch\/portes-ouvertes\/wp-json\/wp\/v2\/pages\/185\/revisions"}],"predecessor-version":[{"id":223,"href":"https:\/\/www-dev.cepv.ch\/portes-ouvertes\/wp-json\/wp\/v2\/pages\/185\/revisions\/223"}],"wp:attachment":[{"href":"https:\/\/www-dev.cepv.ch\/portes-ouvertes\/wp-json\/wp\/v2\/media?parent=185"}],"curies":[{"name":"wp","href":"https:\/\/api.w.org\/{rel}","templated":true}]}}